{"id":50759,"date":"2017-03-04T00:54:28","date_gmt":"2017-03-04T03:54:28","guid":{"rendered":"http:\/\/50.116.112.119\/~hippo269\/?page_id=50759"},"modified":"2017-04-15T10:51:42","modified_gmt":"2017-04-15T13:51:42","slug":"testes","status":"publish","type":"page","link":"https:\/\/antigo.hippobusiness.com.br\/es\/servicos\/testes\/","title":{"rendered":"Pruebas Ling\u00fc\u00edsticas"},"content":{"rendered":"<div class=\"wpb-content-wrapper\"><p>[vc_row row_type=&#8221;row&#8221; use_row_as_full_screen_section=&#8221;yes&#8221; type=&#8221;full_width&#8221; oblique_section=&#8221;no&#8221; text_align=&#8221;center&#8221; background_image=&#8221;50907&#8243; side_padding=&#8221;15%&#8221; css_animation=&#8221;&#8221;][vc_column][vc_empty_space height=&#8221;120px&#8221; image_repeat=&#8221;no-repeat&#8221;][vc_column_text]<\/p>\n<h1 style=\"text-align: center;\"><span style=\"color: #ffffff;\"><span style=\"font-weight: 400;\">Para evaluar el rendimiento<\/span><\/span><\/h1>\n<p>[\/vc_column_text][vc_column_text]<\/p>\n<h3 style=\"text-align: center;\"><span style=\"color: #ffffff;\"><span style=\"font-weight: 400;\">Pruebas Ling\u00fc\u00edsticas<\/span><\/span><\/h3>\n<p>[\/vc_column_text][vc_empty_space height=&#8221;120px&#8221; image_repeat=&#8221;no-repeat&#8221;][\/vc_column][\/vc_row]<\/p>\n<p>[vc_row row_type=&#8221;row&#8221; use_row_as_full_screen_section=&#8221;no&#8221; type=&#8221;grid&#8221; oblique_section=&#8221;no&#8221; text_align=&#8221;center&#8221; background_color=&#8221;#ffffff&#8221; padding_top=&#8221;58&#8243; css_animation=&#8221;&#8221;][vc_column width=&#8221;1\/4&#8243;][\/vc_column][vc_column width=&#8221;1\/2&#8243;][vc_column_text]<\/p>\n<h1 style=\"text-align: center;\"><span style=\"font-weight: 400;\">Pruebas Ling\u00fc\u00edsticas<\/span><\/h1>\n<p>[\/vc_column_text][vc_separator type=&#8221;transparent&#8221; up=&#8221;0&#8243; down=&#8221;35&#8243; icon_pack=&#8221;font_awesome&#8221; fe_icon=&#8221;arrow_back&#8221; icon_type=&#8221;normal&#8221;][vc_column_text]<\/p>\n<p style=\"text-align: center;\"><span style=\"font-weight: 400;\">\u00bf<\/span><span style=\"font-weight: 400;\">Quiere evaluar el nivel de suficiencia en idiomas de un nuevo colaborador o de un equipo?<\/span><\/p>\n<p style=\"text-align: center;\"><strong>\u0130Nosotros en Hippo podemos ayudar! <\/strong><\/p>\n<p>[\/vc_column_text][\/vc_column][vc_column width=&#8221;1\/4&#8243;][\/vc_column][\/vc_row][vc_row row_type=&#8221;row&#8221; use_row_as_full_screen_section=&#8221;no&#8221; type=&#8221;grid&#8221; oblique_section=&#8221;no&#8221; text_align=&#8221;left&#8221; background_color=&#8221;#ffffff&#8221; css_animation=&#8221;&#8221;][vc_column][vc_empty_space image_repeat=&#8221;no-repeat&#8221;][vc_separator type=&#8221;normal&#8221; color=&#8221;#e5e5e5&#8243; icon_pack=&#8221;font_awesome&#8221; fe_icon=&#8221;arrow_back&#8221; icon_type=&#8221;normal&#8221;][vc_empty_space image_repeat=&#8221;no-repeat&#8221;][\/vc_column][\/vc_row][vc_row row_type=&#8221;row&#8221; use_row_as_full_screen_section=&#8221;no&#8221; type=&#8221;grid&#8221; oblique_section=&#8221;no&#8221; text_align=&#8221;left&#8221; background_color=&#8221;#ffffff&#8221; padding_top=&#8221;58&#8243; css_animation=&#8221;&#8221;][vc_column width=&#8221;1\/2&#8243;][vc_single_image image=&#8221;50932&#8243; img_size=&#8221;full&#8221; alignment=&#8221;center&#8221; qode_css_animation=&#8221;&#8221;][vc_empty_space image_repeat=&#8221;no-repeat&#8221;][\/vc_column][vc_column width=&#8221;1\/2&#8243;][vc_column_text]<\/p>\n<h1 style=\"text-align: left;\"><b><span style=\"font-weight: 400;\">Metodologia<\/span><\/b><\/h1>\n<p>[\/vc_column_text][vc_separator type=&#8221;transparent&#8221; up=&#8221;0&#8243; down=&#8221;35&#8243; icon_pack=&#8221;font_awesome&#8221; fe_icon=&#8221;arrow_back&#8221; icon_type=&#8221;normal&#8221;][vc_column_text]<span style=\"font-weight: 400;\">Por medio de pruebas y evaluaciones formuladas de acuerdo con la necesidad de la empresa, analizamos las habilidades y el conocimiento del profesional, apuntando sus puntos fuertes y lo que debe ser mejorado.<\/span><span style=\"font-weight: 400;\">\u00a0<\/span>[\/vc_column_text][\/vc_column][\/vc_row][vc_row row_type=&#8221;row&#8221; use_row_as_full_screen_section=&#8221;no&#8221; type=&#8221;grid&#8221; oblique_section=&#8221;no&#8221; text_align=&#8221;left&#8221; background_color=&#8221;#ffffff&#8221; css_animation=&#8221;&#8221;][vc_column][vc_empty_space image_repeat=&#8221;no-repeat&#8221;][vc_separator type=&#8221;normal&#8221; color=&#8221;#e5e5e5&#8243; icon_pack=&#8221;font_awesome&#8221; fe_icon=&#8221;arrow_back&#8221; icon_type=&#8221;normal&#8221;][vc_empty_space image_repeat=&#8221;no-repeat&#8221;][\/vc_column][\/vc_row][vc_row row_type=&#8221;row&#8221; use_row_as_full_screen_section=&#8221;no&#8221; type=&#8221;grid&#8221; oblique_section=&#8221;no&#8221; text_align=&#8221;left&#8221; background_color=&#8221;#ffffff&#8221; padding_top=&#8221;58&#8243; css_animation=&#8221;&#8221;][vc_column width=&#8221;1\/2&#8243;][vc_single_image image=&#8221;50933&#8243; img_size=&#8221;full&#8221; alignment=&#8221;center&#8221; qode_css_animation=&#8221;&#8221;][vc_empty_space image_repeat=&#8221;no-repeat&#8221;][\/vc_column][vc_column width=&#8221;1\/2&#8243;][vc_column_text]<\/p>\n<h1 style=\"text-align: left;\"><b><span style=\"font-weight: 400;\">Evoluci\u00f3n<\/span><\/b><\/h1>\n<p>[\/vc_column_text][vc_separator type=&#8221;transparent&#8221; up=&#8221;0&#8243; down=&#8221;35&#8243; icon_pack=&#8221;font_awesome&#8221; fe_icon=&#8221;arrow_back&#8221; icon_type=&#8221;normal&#8221;][vc_column_text]<span style=\"font-weight: 400;\">Esas informaciones pueden ser la clave para definir en cu\u00e1l proyecto un funcionario puede ser incluido, as\u00ed como aprovechar mejor sus capacidades ling\u00fc\u00edsticas dentro de la empresa o incluso decidir sobre la manutenci\u00f3n de un beneficio educativo. <\/span>[\/vc_column_text][\/vc_column][\/vc_row][vc_row row_type=&#8221;row&#8221; use_row_as_full_screen_section=&#8221;no&#8221; type=&#8221;grid&#8221; oblique_section=&#8221;no&#8221; text_align=&#8221;left&#8221; background_color=&#8221;#ffffff&#8221; css_animation=&#8221;&#8221;][vc_column][vc_empty_space image_repeat=&#8221;no-repeat&#8221;][vc_separator type=&#8221;normal&#8221; color=&#8221;#e5e5e5&#8243; icon_pack=&#8221;font_awesome&#8221; fe_icon=&#8221;arrow_back&#8221; icon_type=&#8221;normal&#8221;][vc_empty_space image_repeat=&#8221;no-repeat&#8221;][\/vc_column][\/vc_row][vc_row row_type=&#8221;row&#8221; use_row_as_full_screen_section=&#8221;no&#8221; type=&#8221;grid&#8221; oblique_section=&#8221;no&#8221; text_align=&#8221;left&#8221; background_color=&#8221;#ffffff&#8221; padding_top=&#8221;58&#8243; css_animation=&#8221;&#8221;][vc_column width=&#8221;1\/2&#8243;][vc_single_image image=&#8221;50934&#8243; img_size=&#8221;full&#8221; alignment=&#8221;center&#8221; qode_css_animation=&#8221;&#8221;][vc_empty_space image_repeat=&#8221;no-repeat&#8221;][\/vc_column][vc_column width=&#8221;1\/2&#8243;][vc_column_text]<\/p>\n<h1 style=\"text-align: left;\"><b><span style=\"font-weight: 400;\">Hist\u00f3rico<\/span><\/b><\/h1>\n<p>[\/vc_column_text][vc_separator type=&#8221;transparent&#8221; up=&#8221;0&#8243; down=&#8221;35&#8243; icon_pack=&#8221;font_awesome&#8221; fe_icon=&#8221;arrow_back&#8221; icon_type=&#8221;normal&#8221;][vc_column_text]<span style=\"font-weight: 400;\">Los resultados y las pruebas online pueden ser accedidas en cualquier momento por Recursos Humanos, as\u00ed como el hist\u00f3rico de evaluaciones. <\/span><span style=\"font-weight: 400;\">\u00a0<\/span>[\/vc_column_text][\/vc_column][\/vc_row][vc_row row_type=&#8221;row&#8221; use_row_as_full_screen_section=&#8221;no&#8221; type=&#8221;grid&#8221; oblique_section=&#8221;no&#8221; text_align=&#8221;left&#8221; css_animation=&#8221;&#8221;][vc_column][vc_empty_space image_repeat=&#8221;no-repeat&#8221;][vc_empty_space image_repeat=&#8221;no-repeat&#8221;][vc_empty_space image_repeat=&#8221;no-repeat&#8221;][vc_separator type=&#8221;normal&#8221; color=&#8221;#e5e5e5&#8243; icon_pack=&#8221;font_awesome&#8221; fe_icon=&#8221;arrow_back&#8221; icon_type=&#8221;normal&#8221;][vc_empty_space image_repeat=&#8221;no-repeat&#8221;][vc_empty_space image_repeat=&#8221;no-repeat&#8221;][vc_column_text]<\/p>\n<h1 style=\"text-align: center;\"><span style=\"font-weight: 400;\">Vea tambi\u00e9n<\/span><\/h1>\n<p>[\/vc_column_text][vc_empty_space image_repeat=&#8221;no-repeat&#8221;][\/vc_column][\/vc_row][vc_row row_type=&#8221;row&#8221; use_row_as_full_screen_section=&#8221;no&#8221; type=&#8221;grid&#8221; oblique_section=&#8221;no&#8221; text_align=&#8221;left&#8221; padding_top=&#8221;70&#8243; padding_bottom=&#8221;35&#8243; css_animation=&#8221;&#8221;][vc_column][no_elements_holder number_of_columns=&#8221;two_columns&#8221;][no_elements_holder_item item_padding=&#8221;0px 0px 20px 0px&#8221; aligment=&#8221;center&#8221; animation_name=&#8221;fade_in&#8221; animation_delay=&#8221;200&#8243; advanced_animations=&#8221;no&#8221;][vc_single_image image=&#8221;50594&#8243; img_size=&#8221;full&#8221; alignment=&#8221;center&#8221; onclick=&#8221;custom_link&#8221; qode_css_animation=&#8221;&#8221; link=&#8221;http:\/\/antigo.hippobusiness.com.br\/es\/servicos\/cursos\/&#8221;][vc_separator type=&#8221;transparent&#8221; up=&#8221;15&#8243; down=&#8221;0&#8243; icon_pack=&#8221;font_awesome&#8221; fe_icon=&#8221;arrow_back&#8221; icon_type=&#8221;normal&#8221;][vc_column_text]<\/p>\n<h3 style=\"text-align: center;\"><a href=\"http:\/\/antigo.hippobusiness.com.br\/es\/servicos\/cursos\/\">Cursos<\/a><\/h3>\n<p>[\/vc_column_text][\/no_elements_holder_item][no_elements_holder_item item_padding=&#8221;0px 0px 20px 0px&#8221; aligment=&#8221;center&#8221; animation_name=&#8221;fade_in&#8221; animation_delay=&#8221;400&#8243; advanced_animations=&#8221;no&#8221;][vc_single_image image=&#8221;50595&#8243; img_size=&#8221;full&#8221; alignment=&#8221;center&#8221; onclick=&#8221;custom_link&#8221; qode_css_animation=&#8221;&#8221; link=&#8221;http:\/\/antigo.hippobusiness.com.br\/es\/servicos\/traducoes\/&#8221;][vc_separator type=&#8221;transparent&#8221; up=&#8221;15&#8243; down=&#8221;0&#8243; icon_pack=&#8221;font_awesome&#8221; fe_icon=&#8221;arrow_back&#8221; icon_type=&#8221;normal&#8221;][vc_column_text]<\/p>\n<h3 style=\"text-align: center;\"><a href=\"http:\/\/antigo.hippobusiness.com.br\/es\/servicos\/traducoes\/\">Traducciones<\/a><\/h3>\n<p>[\/vc_column_text][\/no_elements_holder_item][\/no_elements_holder][\/vc_column][\/vc_row][vc_row row_type=&#8221;row&#8221; use_row_as_full_screen_section=&#8221;no&#8221; type=&#8221;grid&#8221; oblique_section=&#8221;no&#8221; text_align=&#8221;left&#8221; css_animation=&#8221;&#8221;][vc_column][vc_separator type=&#8221;normal&#8221; color=&#8221;#e5e5e5&#8243; icon_pack=&#8221;font_awesome&#8221; fe_icon=&#8221;arrow_back&#8221; icon_type=&#8221;normal&#8221;][\/vc_column][\/vc_row][vc_row row_type=&#8221;row&#8221; use_row_as_full_screen_section=&#8221;no&#8221; type=&#8221;grid&#8221; oblique_section=&#8221;no&#8221; text_align=&#8221;center&#8221; css_animation=&#8221;&#8221;][vc_column width=&#8221;1\/3&#8243;][\/vc_column][vc_column width=&#8221;1\/3&#8243;][vc_empty_space image_repeat=&#8221;no-repeat&#8221;][vc_empty_space image_repeat=&#8221;no-repeat&#8221;]<a href=\"http:\/\/antigo.hippobusiness.com.br\/es\/contato\" target=\"_self\" data-hover-background-color=#ffffff  class=\"qbutton  large qbutton_with_icon icon_left\" style=\"\"><i class=\"qode_icon_font_awesome fa fa-pencil-square-o button_icon\" style=\"width: inherit; \" ><\/i>Entre en contacto<\/a>[vc_empty_space image_repeat=&#8221;no-repeat&#8221;][vc_empty_space image_repeat=&#8221;no-repeat&#8221;][vc_empty_space image_repeat=&#8221;no-repeat&#8221;][\/vc_column][vc_column width=&#8221;1\/3&#8243;][\/vc_column][\/vc_row]<\/p>\n<\/div>","protected":false},"excerpt":{"rendered":"<p>[vc_row row_type=&#8221;row&#8221; use_row_as_full_screen_section=&#8221;yes&#8221; type=&#8221;full_width&#8221; oblique_section=&#8221;no&#8221; text_align=&#8221;center&#8221; background_image=&#8221;50907&#8243; side_padding=&#8221;15%&#8221; css_animation=&#8221;&#8221;][vc_column][vc_empty_space height=&#8221;120px&#8221; image_repeat=&#8221;no-repeat&#8221;][vc_column_text] Para evaluar el rendimiento [\/vc_column_text][vc_column_text] Pruebas Ling\u00fc\u00edsticas [\/vc_column_text][vc_empty_space height=&#8221;120px&#8221; image_repeat=&#8221;no-repeat&#8221;][\/vc_column][\/vc_row] [vc_row row_type=&#8221;row&#8221; use_row_as_full_screen_section=&#8221;no&#8221; type=&#8221;grid&#8221; oblique_section=&#8221;no&#8221; text_align=&#8221;center&#8221; background_color=&#8221;#ffffff&#8221; padding_top=&#8221;58&#8243; css_animation=&#8221;&#8221;][vc_column width=&#8221;1\/4&#8243;][\/vc_column][vc_column width=&#8221;1\/2&#8243;][vc_column_text] Pruebas Ling\u00fc\u00edsticas [\/vc_column_text][vc_separator type=&#8221;transparent&#8221; up=&#8221;0&#8243; down=&#8221;35&#8243; icon_pack=&#8221;font_awesome&#8221; fe_icon=&#8221;arrow_back&#8221; icon_type=&#8221;normal&#8221;][vc_column_text] \u00bfQuiere evaluar el nivel&#8230;<\/p>\n","protected":false},"author":1,"featured_media":0,"parent":83,"menu_order":0,"comment_status":"open","ping_status":"closed","template":"full_width.php","meta":{"footnotes":""},"class_list":["post-50759","page","type-page","status-publish","hentry"],"_links":{"self":[{"href":"https:\/\/antigo.hippobusiness.com.br\/es\/wp-json\/wp\/v2\/pages\/50759","targetHints":{"allow":["GET"]}}],"collection":[{"href":"https:\/\/antigo.hippobusiness.com.br\/es\/wp-json\/wp\/v2\/pages"}],"about":[{"href":"https:\/\/antigo.hippobusiness.com.br\/es\/wp-json\/wp\/v2\/types\/page"}],"author":[{"embeddable":true,"href":"https:\/\/antigo.hippobusiness.com.br\/es\/wp-json\/wp\/v2\/users\/1"}],"replies":[{"embeddable":true,"href":"https:\/\/antigo.hippobusiness.com.br\/es\/wp-json\/wp\/v2\/comments?post=50759"}],"version-history":[{"count":11,"href":"https:\/\/antigo.hippobusiness.com.br\/es\/wp-json\/wp\/v2\/pages\/50759\/revisions"}],"predecessor-version":[{"id":50959,"href":"https:\/\/antigo.hippobusiness.com.br\/es\/wp-json\/wp\/v2\/pages\/50759\/revisions\/50959"}],"up":[{"embeddable":true,"href":"https:\/\/antigo.hippobusiness.com.br\/es\/wp-json\/wp\/v2\/pages\/83"}],"wp:attachment":[{"href":"https:\/\/antigo.hippobusiness.com.br\/es\/wp-json\/wp\/v2\/media?parent=50759"}],"curies":[{"name":"wp","href":"https:\/\/api.w.org\/{rel}","templated":true}]}}