{"id":50735,"date":"2017-02-04T04:06:10","date_gmt":"2017-02-04T06:06:10","guid":{"rendered":"http:\/\/50.116.112.119\/~hippo269\/?page_id=50735"},"modified":"2017-04-15T10:58:45","modified_gmt":"2017-04-15T13:58:45","slug":"cursos","status":"publish","type":"page","link":"https:\/\/antigo.hippobusiness.com.br\/es\/servicos\/cursos\/","title":{"rendered":"Cursos"},"content":{"rendered":"<div class=\"wpb-content-wrapper\"><p>[vc_row row_type=&#8221;row&#8221; use_row_as_full_screen_section=&#8221;yes&#8221; type=&#8221;full_width&#8221; oblique_section=&#8221;no&#8221; text_align=&#8221;center&#8221; background_image=&#8221;50893&#8243; side_padding=&#8221;15%&#8221; css_animation=&#8221;&#8221;][vc_column][vc_empty_space height=&#8221;120px&#8221; image_repeat=&#8221;no-repeat&#8221;][vc_column_text]<\/p>\n<h1 style=\"text-align: center;\"><span style=\"color: #ffffff;\"><span style=\"font-weight: 400;\">Clases a medida para cada cliente<\/span><\/span><\/h1>\n<p>[\/vc_column_text][vc_column_text]<\/p>\n<h3 style=\"text-align: center;\"><span style=\"color: #ffffff;\"><span style=\"font-weight: 400;\">Cursos de idiomas<\/span><\/span><\/h3>\n<p>[\/vc_column_text][vc_empty_space height=&#8221;120px&#8221; image_repeat=&#8221;no-repeat&#8221;][\/vc_column][\/vc_row]<\/p>\n<p>[vc_row row_type=&#8221;row&#8221; use_row_as_full_screen_section=&#8221;no&#8221; type=&#8221;grid&#8221; oblique_section=&#8221;no&#8221; text_align=&#8221;center&#8221; background_color=&#8221;#ffffff&#8221; padding_top=&#8221;58&#8243; css_animation=&#8221;&#8221;][vc_column width=&#8221;1\/4&#8243;][\/vc_column][vc_column width=&#8221;1\/2&#8243;][vc_column_text]<\/p>\n<h1 style=\"text-align: center;\">Cursos<\/h1>\n<p>[\/vc_column_text][vc_separator type=&#8221;transparent&#8221; up=&#8221;0&#8243; down=&#8221;35&#8243; icon_pack=&#8221;font_awesome&#8221; fe_icon=&#8221;arrow_back&#8221; icon_type=&#8221;normal&#8221;][vc_column_text]<\/p>\n<p style=\"text-align: center;\"><span style=\"font-weight: 400;\">Hippo Business ofrece cursos de ingl\u00e9s, espa\u00f1ol, franc\u00e9s y portugu\u00e9s de alta calidad, del nivel b\u00e1sico al avanzado, que son especialmente desarrollados para atender a los objetivos y necesidades de los alumnos. Antes del inicio del curso, agendamos una entrevista entre el alumno y la coordinaci\u00f3n para conocer el perfil del alumno y establecer las caracter\u00edsticas del curso a ser realizado. Esa entrevista es gratuita.<\/span><\/p>\n<p>[\/vc_column_text][\/vc_column][vc_column width=&#8221;1\/4&#8243;][\/vc_column][\/vc_row][vc_row row_type=&#8221;row&#8221; use_row_as_full_screen_section=&#8221;no&#8221; type=&#8221;grid&#8221; oblique_section=&#8221;no&#8221; text_align=&#8221;left&#8221; background_color=&#8221;#ffffff&#8221; css_animation=&#8221;&#8221;][vc_column][vc_separator type=&#8221;normal&#8221; color=&#8221;#e5e5e5&#8243; up=&#8221;32&#8243; down=&#8221;32&#8243; icon_pack=&#8221;font_awesome&#8221; fe_icon=&#8221;arrow_back&#8221; icon_type=&#8221;normal&#8221;][\/vc_column][\/vc_row][vc_row row_type=&#8221;row&#8221; use_row_as_full_screen_section=&#8221;no&#8221; type=&#8221;grid&#8221; oblique_section=&#8221;no&#8221; text_align=&#8221;center&#8221; background_color=&#8221;#ffffff&#8221; padding_top=&#8221;58&#8243; css_animation=&#8221;&#8221;][vc_column width=&#8221;1\/3&#8243;][vc_empty_space image_repeat=&#8221;no-repeat&#8221;][vc_single_image image=&#8221;50741&#8243; img_size=&#8221;100&#215;100&#8243; alignment=&#8221;center&#8221; onclick=&#8221;custom_link&#8221; qode_css_animation=&#8221;&#8221; link=&#8221;http:\/\/antigo.hippobusiness.com.br\/es\/servicos\/cursos\/cursos-de-idiomas\/&#8221;][vc_empty_space image_repeat=&#8221;no-repeat&#8221;][vc_column_text]<\/p>\n<h3 style=\"text-align: center;\"><a href=\"http:\/\/antigo.hippobusiness.com.br\/es\/servicos\/cursos\/cursos-de-idiomas\/\">Cursos de Idiomas<\/a><\/h3>\n<p>[\/vc_column_text][vc_separator type=&#8221;transparent&#8221; up=&#8221;0&#8243; down=&#8221;35&#8243; icon_pack=&#8221;font_awesome&#8221; fe_icon=&#8221;arrow_back&#8221; icon_type=&#8221;normal&#8221;][vc_column_text]<\/p>\n<p style=\"text-align: center;\"><span style=\"font-weight: 400;\">Nuestros profesores son nativos o poseen competencia equivalente en el idioma que ense\u00f1an, adem\u00e1s de tener amplia experiencia en educaci\u00f3n.<\/span><\/p>\n<p style=\"text-align: center;\"><span style=\"font-weight: 400;\">Hippo Businees adopta el m\u00e9todo comunicativo, que enfatiza el uso funcional del idioma en situaciones de la vida real. La gram\u00e1tica y el vocabulario son presentados en contexto, y los alumnos son estimulados para utilizar las formas y funciones del idioma en situaciones pr\u00e1cticas.<\/span>[\/vc_column_text][vc_empty_space height=&#8221;24px&#8221; image_repeat=&#8221;no-repeat&#8221;]<a href=\"http:\/\/antigo.hippobusiness.com.br\/es\/servicos\/cursos\/cursos-de-idiomas\/\" target=\"_self\" data-hover-background-color=#ffffff  class=\"qbutton  icon_right\" style=\"\">Ver m\u00e1s<\/a>[\/vc_column][vc_column width=&#8221;1\/3&#8243;][vc_empty_space image_repeat=&#8221;no-repeat&#8221;][vc_single_image image=&#8221;50737&#8243; img_size=&#8221;100&#215;100&#8243; alignment=&#8221;center&#8221; onclick=&#8221;custom_link&#8221; qode_css_animation=&#8221;&#8221; link=&#8221;http:\/\/antigo.hippobusiness.com.br\/es\/servicos\/cursos\/cursos-preparatorios\/&#8221;][vc_empty_space image_repeat=&#8221;no-repeat&#8221;][vc_column_text]<\/p>\n<h3 style=\"text-align: center;\"><a href=\"http:\/\/antigo.hippobusiness.com.br\/es\/servicos\/cursos\/cursos-preparatorios\/\">Cursos Preparatorios<\/a><\/h3>\n<p>[\/vc_column_text][vc_separator type=&#8221;transparent&#8221; up=&#8221;0&#8243; down=&#8221;35&#8243; icon_pack=&#8221;font_awesome&#8221; fe_icon=&#8221;arrow_back&#8221; icon_type=&#8221;normal&#8221;][vc_column_text]<\/p>\n<h5 class=\"entry-title\" style=\"text-align: center;\">(TOEIC, IELTS, TOEFL&#8230;)<\/h5>\n<p style=\"text-align: center;\">[\/vc_column_text][vc_column_text]<span style=\"font-weight: 400;\">Para aquellos que pretenden estudiar o trabajar usando una lengua extranjera, la certificaci\u00f3n es un factor decisivo para una carrera internacional. Hoy en d\u00eda los certificados internacionales son bastante exigidos por grandes empresas nacionales, multinacionales y en las mejores instituciones de educaci\u00f3n.<\/span>[\/vc_column_text][vc_empty_space height=&#8221;24px&#8221; image_repeat=&#8221;no-repeat&#8221;]<a href=\"http:\/\/antigo.hippobusiness.com.br\/es\/servicos\/cursos\/cursos-preparatorios\/\" target=\"_self\" data-hover-background-color=#ffffff  class=\"qbutton  icon_right\" style=\"\">Ver m\u00e1s<\/a>[\/vc_column][vc_column width=&#8221;1\/3&#8243;][vc_empty_space image_repeat=&#8221;no-repeat&#8221;][vc_single_image image=&#8221;50738&#8243; img_size=&#8221;100&#215;100&#8243; alignment=&#8221;center&#8221; onclick=&#8221;custom_link&#8221; qode_css_animation=&#8221;&#8221; link=&#8221;http:\/\/antigo.hippobusiness.com.br\/es\/servicos\/cursos\/cursos-corporativos\/&#8221;][vc_empty_space image_repeat=&#8221;no-repeat&#8221;][vc_column_text]<\/p>\n<h3 style=\"text-align: center;\"><a href=\"http:\/\/antigo.hippobusiness.com.br\/es\/servicos\/cursos\/cursos-corporativos\/\">Cursos Corporativos<\/a><\/h3>\n<p>[\/vc_column_text][vc_separator type=&#8221;transparent&#8221; up=&#8221;0&#8243; down=&#8221;35&#8243; icon_pack=&#8221;font_awesome&#8221; fe_icon=&#8221;arrow_back&#8221; icon_type=&#8221;normal&#8221;][vc_column_text]<\/p>\n<p style=\"text-align: center;\"><span style=\"font-weight: 400;\">\u0130Nuestra soluci\u00f3n m\u00e1s flexible!<\/span><\/p>\n<p style=\"text-align: center;\"><span style=\"font-weight: 400;\">Su empresa decide el contenido, la estructura, el tama\u00f1o de los grupos y las fechas de inicio. Tambi\u00e9n cuenta con la posibilidad de cancelamiento con anticipaci\u00f3n de 6 horas h\u00e1biles para que su funcionario tenga derecho a reposici\u00f3n.<\/span><\/p>\n<p style=\"text-align: center;\"><span style=\"font-weight: 400;\">Desarrollamos todo el material did\u00e1ctico, 100% personalizado para su negocio, atendiendo a la demanda de su empresa.<\/span>\u00a0[\/vc_column_text][vc_empty_space height=&#8221;24px&#8221; image_repeat=&#8221;no-repeat&#8221;]<a href=\"http:\/\/antigo.hippobusiness.com.br\/es\/servicos\/cursos\/cursos-corporativos\/\" target=\"_self\" data-hover-background-color=#ffffff  class=\"qbutton  icon_right\" style=\"\">Ver m\u00e1s<\/a>[\/vc_column][\/vc_row][vc_row row_type=&#8221;row&#8221; use_row_as_full_screen_section=&#8221;no&#8221; type=&#8221;grid&#8221; oblique_section=&#8221;no&#8221; text_align=&#8221;left&#8221; css_animation=&#8221;&#8221;][vc_column][vc_empty_space image_repeat=&#8221;no-repeat&#8221;][vc_empty_space image_repeat=&#8221;no-repeat&#8221;][vc_empty_space image_repeat=&#8221;no-repeat&#8221;][vc_separator type=&#8221;normal&#8221; color=&#8221;#e5e5e5&#8243; icon_pack=&#8221;font_awesome&#8221; fe_icon=&#8221;arrow_back&#8221; icon_type=&#8221;normal&#8221;][vc_empty_space image_repeat=&#8221;no-repeat&#8221;][vc_empty_space image_repeat=&#8221;no-repeat&#8221;][vc_column_text]<\/p>\n<h1 style=\"text-align: center;\">Vea tambi\u00e9m<\/h1>\n<p>[\/vc_column_text][vc_empty_space image_repeat=&#8221;no-repeat&#8221;][\/vc_column][\/vc_row][vc_row row_type=&#8221;row&#8221; use_row_as_full_screen_section=&#8221;no&#8221; type=&#8221;grid&#8221; oblique_section=&#8221;no&#8221; text_align=&#8221;left&#8221; padding_top=&#8221;70&#8243; padding_bottom=&#8221;35&#8243; css_animation=&#8221;&#8221;][vc_column][no_elements_holder number_of_columns=&#8221;two_columns&#8221;][no_elements_holder_item item_padding=&#8221;0px 0px 20px 0px&#8221; aligment=&#8221;center&#8221; animation_name=&#8221;fade_in&#8221; animation_delay=&#8221;200&#8243; advanced_animations=&#8221;no&#8221;][vc_single_image image=&#8221;50595&#8243; img_size=&#8221;full&#8221; alignment=&#8221;center&#8221; onclick=&#8221;custom_link&#8221; qode_css_animation=&#8221;&#8221; link=&#8221;http:\/\/antigo.hippobusiness.com.br\/es\/servicos\/testes\/&#8221;][vc_separator type=&#8221;transparent&#8221; up=&#8221;15&#8243; down=&#8221;0&#8243; icon_pack=&#8221;font_awesome&#8221; fe_icon=&#8221;arrow_back&#8221; icon_type=&#8221;normal&#8221;][vc_column_text]<\/p>\n<h3 style=\"text-align: center;\"><a href=\"http:\/\/antigo.hippobusiness.com.br\/es\/servicos\/testes\/\"><strong>Testes<\/strong><\/a><\/h3>\n<p>[\/vc_column_text][\/no_elements_holder_item][no_elements_holder_item item_padding=&#8221;0px 0px 20px 0px&#8221; aligment=&#8221;center&#8221; animation_name=&#8221;fade_in&#8221; animation_delay=&#8221;400&#8243; advanced_animations=&#8221;no&#8221;][vc_single_image image=&#8221;50596&#8243; img_size=&#8221;full&#8221; alignment=&#8221;center&#8221; onclick=&#8221;custom_link&#8221; qode_css_animation=&#8221;&#8221; link=&#8221;http:\/\/antigo.hippobusiness.com.br\/es\/servicos\/traducoes\/&#8221;][vc_separator type=&#8221;transparent&#8221; up=&#8221;15&#8243; down=&#8221;0&#8243; icon_pack=&#8221;font_awesome&#8221; fe_icon=&#8221;arrow_back&#8221; icon_type=&#8221;normal&#8221;][vc_column_text]<\/p>\n<h3 style=\"text-align: center;\"><a href=\"http:\/\/antigo.hippobusiness.com.br\/es\/servicos\/traducoes\/\">Tradu\u00e7\u00f5es<\/a><\/h3>\n<p>[\/vc_column_text][\/no_elements_holder_item][\/no_elements_holder][\/vc_column][\/vc_row][vc_row row_type=&#8221;row&#8221; use_row_as_full_screen_section=&#8221;no&#8221; type=&#8221;grid&#8221; oblique_section=&#8221;no&#8221; text_align=&#8221;left&#8221; css_animation=&#8221;&#8221;][vc_column][vc_separator type=&#8221;normal&#8221; color=&#8221;#e5e5e5&#8243; icon_pack=&#8221;font_awesome&#8221; fe_icon=&#8221;arrow_back&#8221; icon_type=&#8221;normal&#8221;][\/vc_column][\/vc_row][vc_row row_type=&#8221;row&#8221; use_row_as_full_screen_section=&#8221;no&#8221; type=&#8221;grid&#8221; oblique_section=&#8221;no&#8221; text_align=&#8221;center&#8221; css_animation=&#8221;&#8221;][vc_column width=&#8221;1\/3&#8243;][\/vc_column][vc_column width=&#8221;1\/3&#8243;][vc_empty_space image_repeat=&#8221;no-repeat&#8221;][vc_empty_space image_repeat=&#8221;no-repeat&#8221;]<a href=\"http:\/\/antigo.hippobusiness.com.br\/es\/contato\/\" target=\"_self\" data-hover-background-color=#ffffff  class=\"qbutton  large qbutton_with_icon icon_left\" style=\"\"><i class=\"qode_icon_font_awesome fa fa-pencil-square-o button_icon\" style=\"width: inherit; \" ><\/i>Entre en contacto<\/a>[vc_empty_space image_repeat=&#8221;no-repeat&#8221;][vc_empty_space image_repeat=&#8221;no-repeat&#8221;][vc_empty_space image_repeat=&#8221;no-repeat&#8221;][\/vc_column][vc_column width=&#8221;1\/3&#8243;][\/vc_column][\/vc_row]<\/p>\n<\/div>","protected":false},"excerpt":{"rendered":"<p>[vc_row row_type=&#8221;row&#8221; use_row_as_full_screen_section=&#8221;yes&#8221; type=&#8221;full_width&#8221; oblique_section=&#8221;no&#8221; text_align=&#8221;center&#8221; background_image=&#8221;50893&#8243; side_padding=&#8221;15%&#8221; css_animation=&#8221;&#8221;][vc_column][vc_empty_space height=&#8221;120px&#8221; image_repeat=&#8221;no-repeat&#8221;][vc_column_text] Clases a medida para cada cliente [\/vc_column_text][vc_column_text] Cursos de idiomas [\/vc_column_text][vc_empty_space height=&#8221;120px&#8221; image_repeat=&#8221;no-repeat&#8221;][\/vc_column][\/vc_row] [vc_row row_type=&#8221;row&#8221; use_row_as_full_screen_section=&#8221;no&#8221; type=&#8221;grid&#8221; oblique_section=&#8221;no&#8221; text_align=&#8221;center&#8221; background_color=&#8221;#ffffff&#8221; padding_top=&#8221;58&#8243; css_animation=&#8221;&#8221;][vc_column width=&#8221;1\/4&#8243;][\/vc_column][vc_column width=&#8221;1\/2&#8243;][vc_column_text] Cursos [\/vc_column_text][vc_separator type=&#8221;transparent&#8221; up=&#8221;0&#8243; down=&#8221;35&#8243; icon_pack=&#8221;font_awesome&#8221; fe_icon=&#8221;arrow_back&#8221; icon_type=&#8221;normal&#8221;][vc_column_text] Hippo Business&#8230;<\/p>\n","protected":false},"author":1,"featured_media":0,"parent":83,"menu_order":0,"comment_status":"open","ping_status":"closed","template":"full_width.php","meta":{"footnotes":""},"class_list":["post-50735","page","type-page","status-publish","hentry"],"_links":{"self":[{"href":"https:\/\/antigo.hippobusiness.com.br\/es\/wp-json\/wp\/v2\/pages\/50735","targetHints":{"allow":["GET"]}}],"collection":[{"href":"https:\/\/antigo.hippobusiness.com.br\/es\/wp-json\/wp\/v2\/pages"}],"about":[{"href":"https:\/\/antigo.hippobusiness.com.br\/es\/wp-json\/wp\/v2\/types\/page"}],"author":[{"embeddable":true,"href":"https:\/\/antigo.hippobusiness.com.br\/es\/wp-json\/wp\/v2\/users\/1"}],"replies":[{"embeddable":true,"href":"https:\/\/antigo.hippobusiness.com.br\/es\/wp-json\/wp\/v2\/comments?post=50735"}],"version-history":[{"count":28,"href":"https:\/\/antigo.hippobusiness.com.br\/es\/wp-json\/wp\/v2\/pages\/50735\/revisions"}],"predecessor-version":[{"id":51158,"href":"https:\/\/antigo.hippobusiness.com.br\/es\/wp-json\/wp\/v2\/pages\/50735\/revisions\/51158"}],"up":[{"embeddable":true,"href":"https:\/\/antigo.hippobusiness.com.br\/es\/wp-json\/wp\/v2\/pages\/83"}],"wp:attachment":[{"href":"https:\/\/antigo.hippobusiness.com.br\/es\/wp-json\/wp\/v2\/media?parent=50735"}],"curies":[{"name":"wp","href":"https:\/\/api.w.org\/{rel}","templated":true}]}}