{"id":50717,"date":"2017-02-04T02:58:04","date_gmt":"2017-02-04T04:58:04","guid":{"rendered":"http:\/\/50.116.112.119\/~hippo269\/?page_id=50717"},"modified":"2017-04-06T23:47:43","modified_gmt":"2017-04-07T02:47:43","slug":"traducoes","status":"publish","type":"page","link":"https:\/\/antigo.hippobusiness.com.br\/es\/servicos\/traducoes\/","title":{"rendered":"Traducciones"},"content":{"rendered":"<div class=\"wpb-content-wrapper\"><p>[vc_row row_type=&#8221;row&#8221; use_row_as_full_screen_section=&#8221;yes&#8221; type=&#8221;full_width&#8221; oblique_section=&#8221;no&#8221; text_align=&#8221;center&#8221; background_image=&#8221;50720&#8243; side_padding=&#8221;15%&#8221; css_animation=&#8221;&#8221;][vc_column][vc_empty_space height=&#8221;120px&#8221; image_repeat=&#8221;no-repeat&#8221;][vc_column_text]<\/p>\n<h1 style=\"text-align: center;\"><span style=\"color: #ffffff;\"><span style=\"font-weight: 400;\">Generamos valor para nuestros clientes<\/span><\/span><\/h1>\n<p>[\/vc_column_text][vc_column_text]<\/p>\n<h3 style=\"text-align: center;\"><span style=\"color: #ffffff;\"><span style=\"font-weight: 400;\">Servicios de Traducci\u00f3n<\/span><\/span><\/h3>\n<p>[\/vc_column_text][vc_empty_space height=&#8221;120px&#8221; image_repeat=&#8221;no-repeat&#8221;][\/vc_column][\/vc_row][vc_row row_type=&#8221;row&#8221; use_row_as_full_screen_section=&#8221;no&#8221; type=&#8221;full_width&#8221; oblique_section=&#8221;no&#8221; text_align=&#8221;left&#8221; css_animation=&#8221;&#8221;][vc_column][vc_column_text]<\/p>\n<p>[\/vc_column_text][\/vc_column][\/vc_row][vc_row row_type=&#8221;row&#8221; use_row_as_full_screen_section=&#8221;no&#8221; type=&#8221;grid&#8221; oblique_section=&#8221;no&#8221; text_align=&#8221;center&#8221; background_color=&#8221;#ffffff&#8221; padding_top=&#8221;58&#8243; css_animation=&#8221;&#8221;][vc_column width=&#8221;1\/4&#8243;][\/vc_column][vc_column width=&#8221;1\/2&#8243;][vc_column_text]<\/p>\n<h1 style=\"text-align: center;\"><b><span style=\"font-weight: 400;\">Servicios de Traducciones<\/span><\/b><\/h1>\n<p>[\/vc_column_text][vc_separator type=&#8221;transparent&#8221; up=&#8221;0&#8243; down=&#8221;35&#8243; icon_pack=&#8221;font_awesome&#8221; fe_icon=&#8221;arrow_back&#8221; icon_type=&#8221;normal&#8221;][vc_column_text]<\/p>\n<p style=\"text-align: center;\"><span style=\"font-weight: 400;\">Realizamos traducciones y versiones en los idiomas m\u00e1s utilizados en el mundo de los negocios. Realizadas por profesionales especializados y con competencia t\u00e9cnica y ling\u00fc\u00edstica, garantizamos un servicio fidedigno, generando valor para nuestros clientes. <\/span><\/p>\n<p>[\/vc_column_text][\/vc_column][vc_column width=&#8221;1\/4&#8243;][\/vc_column][\/vc_row][vc_row row_type=&#8221;row&#8221; use_row_as_full_screen_section=&#8221;no&#8221; type=&#8221;grid&#8221; oblique_section=&#8221;no&#8221; text_align=&#8221;left&#8221; background_color=&#8221;#ffffff&#8221; css_animation=&#8221;&#8221;][vc_column][vc_empty_space image_repeat=&#8221;no-repeat&#8221;][vc_separator type=&#8221;normal&#8221; color=&#8221;#e5e5e5&#8243; icon_pack=&#8221;font_awesome&#8221; fe_icon=&#8221;arrow_back&#8221; icon_type=&#8221;normal&#8221;][vc_empty_space image_repeat=&#8221;no-repeat&#8221;][\/vc_column][\/vc_row][vc_row row_type=&#8221;row&#8221; use_row_as_full_screen_section=&#8221;no&#8221; type=&#8221;grid&#8221; oblique_section=&#8221;no&#8221; text_align=&#8221;left&#8221; background_color=&#8221;#ffffff&#8221; padding_top=&#8221;58&#8243; css_animation=&#8221;&#8221;][vc_column width=&#8221;1\/2&#8243;][vc_single_image image=&#8221;50730&#8243; img_size=&#8221;full&#8221; alignment=&#8221;center&#8221; qode_css_animation=&#8221;&#8221;][vc_empty_space image_repeat=&#8221;no-repeat&#8221;][\/vc_column][vc_column width=&#8221;1\/2&#8243;][vc_column_text]<\/p>\n<h1 style=\"text-align: left;\"><b><span style=\"font-weight: 400;\">Soluci\u00f3n Completa<\/span><\/b><\/h1>\n<p>[\/vc_column_text][vc_separator type=&#8221;transparent&#8221; up=&#8221;0&#8243; down=&#8221;35&#8243; icon_pack=&#8221;font_awesome&#8221; fe_icon=&#8221;arrow_back&#8221; icon_type=&#8221;normal&#8221;][vc_column_text]<span style=\"font-weight: 400;\">Tambi\u00e9n ofrecemos traducci\u00f3n\/interpretaci\u00f3n, revisi\u00f3n, traducci\u00f3n consecutiva, traducci\u00f3n juramentada y traducci\u00f3n simult\u00e1nea para su evento. Un servicio completo de traducciones para empresas de los m\u00e1s variados segmentos, con sigilo y plazo de entrega con SLA. <\/span>[\/vc_column_text][\/vc_column][\/vc_row][vc_row row_type=&#8221;row&#8221; use_row_as_full_screen_section=&#8221;no&#8221; type=&#8221;grid&#8221; oblique_section=&#8221;no&#8221; text_align=&#8221;left&#8221; background_color=&#8221;#ffffff&#8221; css_animation=&#8221;&#8221;][vc_column][vc_empty_space image_repeat=&#8221;no-repeat&#8221;][vc_separator type=&#8221;normal&#8221; color=&#8221;#e5e5e5&#8243; icon_pack=&#8221;font_awesome&#8221; fe_icon=&#8221;arrow_back&#8221; icon_type=&#8221;normal&#8221;][vc_empty_space image_repeat=&#8221;no-repeat&#8221;][\/vc_column][\/vc_row][vc_row row_type=&#8221;row&#8221; use_row_as_full_screen_section=&#8221;no&#8221; type=&#8221;grid&#8221; oblique_section=&#8221;no&#8221; text_align=&#8221;left&#8221; background_color=&#8221;#ffffff&#8221; padding_top=&#8221;58&#8243; css_animation=&#8221;&#8221;][vc_column width=&#8221;1\/2&#8243;][vc_single_image image=&#8221;50728&#8243; img_size=&#8221;full&#8221; alignment=&#8221;center&#8221; qode_css_animation=&#8221;&#8221;][vc_empty_space image_repeat=&#8221;no-repeat&#8221;][\/vc_column][vc_column width=&#8221;1\/2&#8243;][vc_column_text]<\/p>\n<h1 style=\"text-align: left;\"><span style=\"font-weight: 400;\">Segmentos atendidos:<\/span><\/h1>\n<p>[\/vc_column_text][vc_separator type=&#8221;transparent&#8221; up=&#8221;0&#8243; down=&#8221;35&#8243; icon_pack=&#8221;font_awesome&#8221; fe_icon=&#8221;arrow_back&#8221; icon_type=&#8221;normal&#8221;][vc_column_text]<\/p>\n<ul>\n<li style=\"font-weight: 400;\"><span style=\"font-weight: 400;\">Agencias de Comunicaci\u00f3n<\/span><\/li>\n<li style=\"font-weight: 400;\"><span style=\"font-weight: 400;\">Arquitectura y Construcci\u00f3n<\/span><\/li>\n<li style=\"font-weight: 400;\"><span style=\"font-weight: 400;\">Aviaci\u00f3n<\/span><\/li>\n<li style=\"font-weight: 400;\"><span style=\"font-weight: 400;\">Bancos<\/span><\/li>\n<li style=\"font-weight: 400;\"><span style=\"font-weight: 400;\">Industria Qu\u00edmica<\/span><\/li>\n<li style=\"font-weight: 400;\"><span style=\"font-weight: 400;\">Medio Ambiente<\/span><\/li>\n<li style=\"font-weight: 400;\"><span style=\"font-weight: 400;\">Tecnolog\u00eda de la Informaci\u00f3n<\/span><\/li>\n<li style=\"font-weight: 400;\"><span style=\"font-weight: 400;\">Viajes y Turismo<\/span><\/li>\n<li style=\"font-weight: 400;\"><span style=\"font-weight: 400;\">Industria Farmace\u00fatica<\/span><\/li>\n<\/ul>\n<p>[\/vc_column_text][\/vc_column][\/vc_row][vc_row row_type=&#8221;row&#8221; use_row_as_full_screen_section=&#8221;no&#8221; type=&#8221;grid&#8221; oblique_section=&#8221;no&#8221; text_align=&#8221;left&#8221; css_animation=&#8221;&#8221;][vc_column][vc_empty_space image_repeat=&#8221;no-repeat&#8221;][vc_empty_space image_repeat=&#8221;no-repeat&#8221;][vc_empty_space image_repeat=&#8221;no-repeat&#8221;][vc_separator type=&#8221;normal&#8221; color=&#8221;#e5e5e5&#8243; icon_pack=&#8221;font_awesome&#8221; fe_icon=&#8221;arrow_back&#8221; icon_type=&#8221;normal&#8221;][vc_empty_space image_repeat=&#8221;no-repeat&#8221;][vc_empty_space image_repeat=&#8221;no-repeat&#8221;][vc_column_text]<\/p>\n<h1 style=\"text-align: center;\"><span style=\"font-weight: 400;\">Vea tambi\u00e9n<\/span><\/h1>\n<p>[\/vc_column_text][vc_empty_space image_repeat=&#8221;no-repeat&#8221;][\/vc_column][\/vc_row][vc_row row_type=&#8221;row&#8221; use_row_as_full_screen_section=&#8221;no&#8221; type=&#8221;grid&#8221; oblique_section=&#8221;no&#8221; text_align=&#8221;left&#8221; padding_top=&#8221;70&#8243; padding_bottom=&#8221;35&#8243; css_animation=&#8221;&#8221;][vc_column][no_elements_holder number_of_columns=&#8221;two_columns&#8221;][no_elements_holder_item item_padding=&#8221;0px 0px 20px 0px&#8221; aligment=&#8221;center&#8221; animation_name=&#8221;fade_in&#8221; animation_delay=&#8221;200&#8243; advanced_animations=&#8221;no&#8221;][vc_single_image image=&#8221;50594&#8243; img_size=&#8221;full&#8221; alignment=&#8221;center&#8221; onclick=&#8221;custom_link&#8221; qode_css_animation=&#8221;&#8221; link=&#8221;http:\/\/antigo.hippobusiness.com.br\/es\/servicos\/cursos\/&#8221;][vc_separator type=&#8221;transparent&#8221; up=&#8221;15&#8243; down=&#8221;0&#8243; icon_pack=&#8221;font_awesome&#8221; fe_icon=&#8221;arrow_back&#8221; icon_type=&#8221;normal&#8221;][vc_column_text]<\/p>\n<h3 style=\"text-align: center;\"><a href=\"http:\/\/antigo.hippobusiness.com.br\/es\/servicos\/cursos\/\">Cursos<\/a><\/h3>\n<p>[\/vc_column_text][\/no_elements_holder_item][no_elements_holder_item item_padding=&#8221;0px 0px 20px 0px&#8221; aligment=&#8221;center&#8221; animation_name=&#8221;fade_in&#8221; animation_delay=&#8221;400&#8243; advanced_animations=&#8221;no&#8221;][vc_single_image image=&#8221;50595&#8243; img_size=&#8221;full&#8221; alignment=&#8221;center&#8221; onclick=&#8221;custom_link&#8221; qode_css_animation=&#8221;&#8221; link=&#8221;http:\/\/antigo.hippobusiness.com.br\/es\/servicos\/testes\/&#8221;][vc_separator type=&#8221;transparent&#8221; up=&#8221;15&#8243; down=&#8221;0&#8243; icon_pack=&#8221;font_awesome&#8221; fe_icon=&#8221;arrow_back&#8221; icon_type=&#8221;normal&#8221;][vc_column_text]<\/p>\n<h3 style=\"text-align: center;\"><a href=\"http:\/\/antigo.hippobusiness.com.br\/es\/servicos\/testes\/\">Pruebas<\/a><\/h3>\n<p>[\/vc_column_text][\/no_elements_holder_item][\/no_elements_holder][\/vc_column][\/vc_row][vc_row row_type=&#8221;row&#8221; use_row_as_full_screen_section=&#8221;no&#8221; type=&#8221;grid&#8221; oblique_section=&#8221;no&#8221; text_align=&#8221;left&#8221; css_animation=&#8221;&#8221;][vc_column][vc_separator type=&#8221;normal&#8221; color=&#8221;#e5e5e5&#8243; icon_pack=&#8221;font_awesome&#8221; fe_icon=&#8221;arrow_back&#8221; icon_type=&#8221;normal&#8221;][\/vc_column][\/vc_row][vc_row row_type=&#8221;row&#8221; use_row_as_full_screen_section=&#8221;no&#8221; type=&#8221;grid&#8221; oblique_section=&#8221;no&#8221; text_align=&#8221;center&#8221; css_animation=&#8221;&#8221;][vc_column width=&#8221;1\/3&#8243;][\/vc_column][vc_column width=&#8221;1\/3&#8243;][vc_empty_space image_repeat=&#8221;no-repeat&#8221;][vc_empty_space image_repeat=&#8221;no-repeat&#8221;]<a href=\"http:\/\/antigo.hippobusiness.com.br\/es\/contato\" target=\"_self\" data-hover-background-color=#ffffff  class=\"qbutton  large qbutton_with_icon icon_left\" style=\"\"><i class=\"qode_icon_font_awesome fa fa-pencil-square-o button_icon\" style=\"width: inherit; \" ><\/i>Entre en contacto<\/a>[vc_empty_space image_repeat=&#8221;no-repeat&#8221;][vc_empty_space image_repeat=&#8221;no-repeat&#8221;][vc_empty_space image_repeat=&#8221;no-repeat&#8221;][\/vc_column][vc_column width=&#8221;1\/3&#8243;][\/vc_column][\/vc_row]<\/p>\n<\/div>","protected":false},"excerpt":{"rendered":"<p>[vc_row row_type=&#8221;row&#8221; use_row_as_full_screen_section=&#8221;yes&#8221; type=&#8221;full_width&#8221; oblique_section=&#8221;no&#8221; text_align=&#8221;center&#8221; background_image=&#8221;50720&#8243; side_padding=&#8221;15%&#8221; css_animation=&#8221;&#8221;][vc_column][vc_empty_space height=&#8221;120px&#8221; image_repeat=&#8221;no-repeat&#8221;][vc_column_text] Generamos valor para nuestros clientes [\/vc_column_text][vc_column_text] Servicios de Traducci\u00f3n [\/vc_column_text][vc_empty_space height=&#8221;120px&#8221; image_repeat=&#8221;no-repeat&#8221;][\/vc_column][\/vc_row][vc_row row_type=&#8221;row&#8221; use_row_as_full_screen_section=&#8221;no&#8221; type=&#8221;full_width&#8221; oblique_section=&#8221;no&#8221; text_align=&#8221;left&#8221; css_animation=&#8221;&#8221;][vc_column][vc_column_text] [\/vc_column_text][\/vc_column][\/vc_row][vc_row row_type=&#8221;row&#8221; use_row_as_full_screen_section=&#8221;no&#8221; type=&#8221;grid&#8221; oblique_section=&#8221;no&#8221; text_align=&#8221;center&#8221; background_color=&#8221;#ffffff&#8221; padding_top=&#8221;58&#8243; css_animation=&#8221;&#8221;][vc_column width=&#8221;1\/4&#8243;][\/vc_column][vc_column width=&#8221;1\/2&#8243;][vc_column_text] Servicios de Traducciones [\/vc_column_text][vc_separator type=&#8221;transparent&#8221;&#8230;<\/p>\n","protected":false},"author":1,"featured_media":0,"parent":83,"menu_order":0,"comment_status":"open","ping_status":"closed","template":"full_width.php","meta":{"footnotes":""},"class_list":["post-50717","page","type-page","status-publish","hentry"],"_links":{"self":[{"href":"https:\/\/antigo.hippobusiness.com.br\/es\/wp-json\/wp\/v2\/pages\/50717","targetHints":{"allow":["GET"]}}],"collection":[{"href":"https:\/\/antigo.hippobusiness.com.br\/es\/wp-json\/wp\/v2\/pages"}],"about":[{"href":"https:\/\/antigo.hippobusiness.com.br\/es\/wp-json\/wp\/v2\/types\/page"}],"author":[{"embeddable":true,"href":"https:\/\/antigo.hippobusiness.com.br\/es\/wp-json\/wp\/v2\/users\/1"}],"replies":[{"embeddable":true,"href":"https:\/\/antigo.hippobusiness.com.br\/es\/wp-json\/wp\/v2\/comments?post=50717"}],"version-history":[{"count":16,"href":"https:\/\/antigo.hippobusiness.com.br\/es\/wp-json\/wp\/v2\/pages\/50717\/revisions"}],"predecessor-version":[{"id":50922,"href":"https:\/\/antigo.hippobusiness.com.br\/es\/wp-json\/wp\/v2\/pages\/50717\/revisions\/50922"}],"up":[{"embeddable":true,"href":"https:\/\/antigo.hippobusiness.com.br\/es\/wp-json\/wp\/v2\/pages\/83"}],"wp:attachment":[{"href":"https:\/\/antigo.hippobusiness.com.br\/es\/wp-json\/wp\/v2\/media?parent=50717"}],"curies":[{"name":"wp","href":"https:\/\/api.w.org\/{rel}","templated":true}]}}