{"id":50491,"date":"2014-12-18T09:19:46","date_gmt":"2014-12-18T09:19:46","guid":{"rendered":"http:\/\/demo.select-themes.com\/bodega4\/?page_id=50491"},"modified":"2017-04-05T22:49:42","modified_gmt":"2017-04-06T01:49:42","slug":"hippo","status":"publish","type":"page","link":"https:\/\/antigo.hippobusiness.com.br\/es\/hippo\/","title":{"rendered":"Hippo"},"content":{"rendered":"<div class=\"wpb-content-wrapper\"><p>[vc_row row_type=&#8221;row&#8221; use_row_as_full_screen_section=&#8221;no&#8221; type=&#8221;grid&#8221; oblique_section=&#8221;no&#8221; text_align=&#8221;left&#8221; padding_top=&#8221;40&#8243; css_animation=&#8221;&#8221;][vc_column][no_elements_holder number_of_columns=&#8221;two_columns&#8221; switch_to_one_column=&#8221;1000&#8243;][no_elements_holder_item item_padding=&#8221;10px 25px 10px 0px&#8221; aligment=&#8221;left&#8221; advanced_animations=&#8221;no&#8221; item_padding_768_1000=&#8221;10px 45px 10px 45px&#8221; item_padding_600_768=&#8221;10px 45px 10px 45px&#8221;][vc_single_image image=&#8221;50702&#8243; img_size=&#8221;full&#8221; qode_css_animation=&#8221;element_from_fade&#8221; transition_delay=&#8221;0.2&#8243;][\/no_elements_holder_item][no_elements_holder_item item_padding=&#8221;10px 35px 10px 35px&#8221; aligment=&#8221;left&#8221; advanced_animations=&#8221;no&#8221; item_padding_768_1000=&#8221;10px 45px 10px 45px&#8221; item_padding_600_768=&#8221;10px 45px 10px 45px&#8221;][vc_column_text]<\/p>\n<h3><b>Acerca de Hippo<\/b><\/h3>\n<p>[\/vc_column_text][vc_separator type=&#8221;transparent&#8221; up=&#8221;25&#8243; down=&#8221;0&#8243;][vc_column_text]<span style=\"font-weight: 400;\">Somos una consultor\u00eda de idiomas con 20 a\u00f1os en el mercado. Llevamos el conocimiento del idioma m\u00e1s cerca de empresas y clientes, ajustando nuestro portafolio de servicios a las demandas de cada uno de ellos. <\/span>[\/vc_column_text][vc_separator type=&#8221;transparent&#8221; up=&#8221;5&#8243; down=&#8221;0&#8243;][\/no_elements_holder_item][\/no_elements_holder][\/vc_column][\/vc_row][vc_row row_type=&#8221;row&#8221; use_row_as_full_screen_section=&#8221;no&#8221; type=&#8221;grid&#8221; oblique_section=&#8221;no&#8221; text_align=&#8221;left&#8221; css_animation=&#8221;&#8221;][vc_column][no_elements_holder number_of_columns=&#8221;two_columns&#8221; switch_to_one_column=&#8221;1000&#8243;][no_elements_holder_item item_padding=&#8221;10px 60px 10px 0px&#8221; aligment=&#8221;left&#8221; advanced_animations=&#8221;no&#8221; item_padding_768_1000=&#8221;10px 45px 10px 45px&#8221; item_padding_600_768=&#8221;10px 45px 10px 45px&#8221;][vc_column_text]<\/p>\n<h3><b>Experiencia y Calidad<\/b><\/h3>\n<p>[\/vc_column_text][vc_separator type=&#8221;transparent&#8221; up=&#8221;25&#8243; down=&#8221;0&#8243;][vc_column_text]<span style=\"font-weight: 400;\">Ofrecemos soluciones espec\u00edficas para atender las necesidades ling\u00fc\u00edsticas, desde clases <\/span><i><span style=\"font-weight: 400;\">in Company<\/span><\/i><span style=\"font-weight: 400;\"> y traducciones especializadas hasta pruebas ling\u00fc\u00edsticas y clases particulares.<\/span><span style=\"font-weight: 400;\">\u00a0<\/span>[\/vc_column_text][vc_separator type=&#8221;transparent&#8221; up=&#8221;5&#8243; down=&#8221;0&#8243;][\/no_elements_holder_item][no_elements_holder_item item_padding=&#8221;10px 0px 10px 0px&#8221; aligment=&#8221;left&#8221; advanced_animations=&#8221;no&#8221; item_padding_768_1000=&#8221;10px 45px 10px 45px&#8221; item_padding_600_768=&#8221;10px 45px 10px 45px&#8221;][vc_single_image image=&#8221;50704&#8243; img_size=&#8221;full&#8221; qode_css_animation=&#8221;element_from_fade&#8221; transition_delay=&#8221;0.4&#8243;][\/no_elements_holder_item][\/no_elements_holder][\/vc_column][\/vc_row][vc_row row_type=&#8221;row&#8221; use_row_as_full_screen_section=&#8221;no&#8221; type=&#8221;grid&#8221; oblique_section=&#8221;no&#8221; text_align=&#8221;left&#8221; css_animation=&#8221;&#8221;][vc_column][no_elements_holder number_of_columns=&#8221;two_columns&#8221; switch_to_one_column=&#8221;1000&#8243;][no_elements_holder_item item_padding=&#8221;10px 25px 10px 0px&#8221; aligment=&#8221;left&#8221; advanced_animations=&#8221;no&#8221; item_padding_768_1000=&#8221;10px 45px 10px 45px&#8221; item_padding_600_768=&#8221;10px 45px 10px 45px&#8221;][vc_single_image image=&#8221;50703&#8243; img_size=&#8221;full&#8221; qode_css_animation=&#8221;element_from_fade&#8221; transition_delay=&#8221;0.2&#8243;][\/no_elements_holder_item][no_elements_holder_item item_padding=&#8221;10px 35px 10px 35px&#8221; aligment=&#8221;left&#8221; advanced_animations=&#8221;no&#8221; item_padding_768_1000=&#8221;10px 45px 10px 45px&#8221; item_padding_600_768=&#8221;10px 45px 10px 45px&#8221;][vc_column_text]<\/p>\n<h3><b>Equipo<\/b><\/h3>\n<p>[\/vc_column_text][vc_separator type=&#8221;transparent&#8221; up=&#8221;25&#8243; down=&#8221;0&#8243;][vc_column_text]<span style=\"font-weight: 400;\">Contamos con un equipo compuesto por profesionales certificados y especializados en diversas \u00e1reas del conocimiento, experimentados y comprometidos con calidad y plazos. <\/span>[\/vc_column_text][vc_separator type=&#8221;transparent&#8221; up=&#8221;5&#8243; down=&#8221;0&#8243;][\/no_elements_holder_item][\/no_elements_holder][\/vc_column][\/vc_row][vc_row row_type=&#8221;row&#8221; use_row_as_full_screen_section=&#8221;no&#8221; type=&#8221;grid&#8221; oblique_section=&#8221;no&#8221; text_align=&#8221;left&#8221; padding_bottom=&#8221;40&#8243; css_animation=&#8221;&#8221;][vc_column][no_elements_holder number_of_columns=&#8221;two_columns&#8221; switch_to_one_column=&#8221;1000&#8243;][no_elements_holder_item item_padding=&#8221;10px 60px 10px 0px&#8221; aligment=&#8221;left&#8221; advanced_animations=&#8221;no&#8221; item_padding_768_1000=&#8221;10px 45px 10px 45px&#8221; item_padding_600_768=&#8221;10px 45px 10px 45px&#8221;][vc_column_text]<\/p>\n<h3><b>Nuestra motivaci\u00f3n<\/b><\/h3>\n<p>[\/vc_column_text][vc_separator type=&#8221;transparent&#8221; up=&#8221;25&#8243; down=&#8221;0&#8243;][vc_column_text]<span style=\"font-weight: 400;\">Nuestros valores de excelencia, dedicaci\u00f3n y planeaci\u00f3n direccionan nuestra misi\u00f3n de ofrecer el mejor servicio de idiomas, apoyando e incentivando la evoluci\u00f3n personal y profesional de nuestros clientes. <\/span>[\/vc_column_text][vc_separator type=&#8221;transparent&#8221; up=&#8221;5&#8243; down=&#8221;0&#8243;][\/no_elements_holder_item][no_elements_holder_item item_padding=&#8221;10px 0px 10px 0px&#8221; aligment=&#8221;left&#8221; advanced_animations=&#8221;no&#8221; item_padding_768_1000=&#8221;10px 45px 10px 45px&#8221; item_padding_600_768=&#8221;10px 45px 10px 45px&#8221;][vc_single_image image=&#8221;50705&#8243; img_size=&#8221;full&#8221; qode_css_animation=&#8221;element_from_fade&#8221; transition_delay=&#8221;0.4&#8243;][\/no_elements_holder_item][\/no_elements_holder][\/vc_column][\/vc_row][vc_row row_type=&#8221;row&#8221; use_row_as_full_screen_section=&#8221;no&#8221; type=&#8221;full_width&#8221; oblique_section=&#8221;no&#8221; text_align=&#8221;center&#8221; css_animation=&#8221;&#8221;][vc_column][vc_empty_space image_repeat=&#8221;no-repeat&#8221;]<a href=\"http:\/\/antigo.hippobusiness.com.br\/es\/contato\/\" target=\"_self\" data-hover-background-color=#ffffff  class=\"qbutton  large qbutton_with_icon icon_left\" style=\"\"><i class=\"qode_icon_font_awesome fa fa-pencil-square-o button_icon\" style=\"width: inherit; \" ><\/i>Entre en contacto<\/a>[vc_empty_space height=&#8221;64px&#8221; image_repeat=&#8221;no-repeat&#8221;][\/vc_column][\/vc_row]<\/p>\n<\/div>","protected":false},"excerpt":{"rendered":"<p>[vc_row row_type=&#8221;row&#8221; use_row_as_full_screen_section=&#8221;no&#8221; type=&#8221;grid&#8221; oblique_section=&#8221;no&#8221; text_align=&#8221;left&#8221; padding_top=&#8221;40&#8243; css_animation=&#8221;&#8221;][vc_column][no_elements_holder number_of_columns=&#8221;two_columns&#8221; switch_to_one_column=&#8221;1000&#8243;][no_elements_holder_item item_padding=&#8221;10px 25px 10px 0px&#8221; aligment=&#8221;left&#8221; advanced_animations=&#8221;no&#8221; item_padding_768_1000=&#8221;10px 45px 10px 45px&#8221; item_padding_600_768=&#8221;10px 45px 10px 45px&#8221;][vc_single_image image=&#8221;50702&#8243; img_size=&#8221;full&#8221; qode_css_animation=&#8221;element_from_fade&#8221; transition_delay=&#8221;0.2&#8243;][\/no_elements_holder_item][no_elements_holder_item item_padding=&#8221;10px 35px 10px 35px&#8221; aligment=&#8221;left&#8221; advanced_animations=&#8221;no&#8221; item_padding_768_1000=&#8221;10px 45px 10px 45px&#8221; item_padding_600_768=&#8221;10px 45px 10px 45px&#8221;][vc_column_text] Acerca de Hippo&#8230;<\/p>\n","protected":false},"author":1,"featured_media":0,"parent":0,"menu_order":0,"comment_status":"open","ping_status":"open","template":"full_width.php","meta":{"footnotes":""},"class_list":["post-50491","page","type-page","status-publish","hentry"],"_links":{"self":[{"href":"https:\/\/antigo.hippobusiness.com.br\/es\/wp-json\/wp\/v2\/pages\/50491","targetHints":{"allow":["GET"]}}],"collection":[{"href":"https:\/\/antigo.hippobusiness.com.br\/es\/wp-json\/wp\/v2\/pages"}],"about":[{"href":"https:\/\/antigo.hippobusiness.com.br\/es\/wp-json\/wp\/v2\/types\/page"}],"author":[{"embeddable":true,"href":"https:\/\/antigo.hippobusiness.com.br\/es\/wp-json\/wp\/v2\/users\/1"}],"replies":[{"embeddable":true,"href":"https:\/\/antigo.hippobusiness.com.br\/es\/wp-json\/wp\/v2\/comments?post=50491"}],"version-history":[{"count":20,"href":"https:\/\/antigo.hippobusiness.com.br\/es\/wp-json\/wp\/v2\/pages\/50491\/revisions"}],"predecessor-version":[{"id":51763,"href":"https:\/\/antigo.hippobusiness.com.br\/es\/wp-json\/wp\/v2\/pages\/50491\/revisions\/51763"}],"wp:attachment":[{"href":"https:\/\/antigo.hippobusiness.com.br\/es\/wp-json\/wp\/v2\/media?parent=50491"}],"curies":[{"name":"wp","href":"https:\/\/api.w.org\/{rel}","templated":true}]}}