{"id":50767,"date":"2017-03-04T03:43:18","date_gmt":"2017-03-04T06:43:18","guid":{"rendered":"http:\/\/50.116.112.119\/~hippo269\/?page_id=50767"},"modified":"2017-04-15T11:10:12","modified_gmt":"2017-04-15T14:10:12","slug":"cursos-preparatorios","status":"publish","type":"page","link":"http:\/\/antigo.hippobusiness.com.br\/es\/servicos\/cursos\/cursos-preparatorios\/","title":{"rendered":"Cursos Preparatorios"},"content":{"rendered":"<div class=\"wpb-content-wrapper\"><p>[vc_row row_type=&#8221;row&#8221; use_row_as_full_screen_section=&#8221;yes&#8221; type=&#8221;full_width&#8221; oblique_section=&#8221;no&#8221; text_align=&#8221;center&#8221; background_image=&#8221;50944&#8243; side_padding=&#8221;15%&#8221; css_animation=&#8221;&#8221;][vc_column][vc_empty_space height=&#8221;120px&#8221; image_repeat=&#8221;no-repeat&#8221;][vc_column_text]<\/p>\n<h1 style=\"text-align: center;\"><span style=\"color: #ffffff;\"><span style=\"font-weight: 400;\">Para especializarse<\/span><\/span><\/h1>\n<p>[\/vc_column_text][vc_empty_space height=&#8221;120px&#8221; image_repeat=&#8221;no-repeat&#8221;][\/vc_column][\/vc_row][vc_row row_type=&#8221;row&#8221; use_row_as_full_screen_section=&#8221;no&#8221; type=&#8221;full_width&#8221; oblique_section=&#8221;no&#8221; text_align=&#8221;left&#8221; css_animation=&#8221;&#8221;][vc_column][vc_column_text]<\/p>\n<p>[\/vc_column_text][\/vc_column][\/vc_row][vc_row row_type=&#8221;row&#8221; use_row_as_full_screen_section=&#8221;no&#8221; type=&#8221;grid&#8221; oblique_section=&#8221;no&#8221; text_align=&#8221;center&#8221; background_color=&#8221;#ffffff&#8221; padding_top=&#8221;58&#8243; css_animation=&#8221;&#8221;][vc_column width=&#8221;1\/4&#8243;][\/vc_column][vc_column width=&#8221;1\/2&#8243;][vc_column_text]<\/p>\n<h1 style=\"text-align: center;\">Cursos Preparatorios<\/h1>\n<h2 style=\"text-align: center;\"><strong>(Certificaciones Internacionales)<\/strong><\/h2>\n<p>[\/vc_column_text][vc_separator type=&#8221;transparent&#8221; up=&#8221;0&#8243; down=&#8221;35&#8243; icon_pack=&#8221;font_awesome&#8221; fe_icon=&#8221;arrow_back&#8221; icon_type=&#8221;normal&#8221;][vc_column_text]<\/p>\n<p style=\"text-align: center;\"><span style=\"font-weight: 400;\">Cada vez m\u00e1s los certificados internacionales se han vuelto importantes para las grandes empresas. Adem\u00e1s de agregar valor al curr\u00edculo profesional, el Certificado Internacional funciona como prueba irrefutable de la competencia y la capacidad de expresarse en un idioma extranjero. <\/span><\/p>\n<p>[\/vc_column_text][\/vc_column][vc_column width=&#8221;1\/4&#8243;][\/vc_column][\/vc_row][vc_row row_type=&#8221;row&#8221; use_row_as_full_screen_section=&#8221;no&#8221; type=&#8221;grid&#8221; oblique_section=&#8221;no&#8221; text_align=&#8221;left&#8221; background_color=&#8221;#ffffff&#8221; css_animation=&#8221;&#8221;][vc_column][vc_empty_space image_repeat=&#8221;no-repeat&#8221;][vc_separator type=&#8221;normal&#8221; color=&#8221;#e5e5e5&#8243; icon_pack=&#8221;font_awesome&#8221; fe_icon=&#8221;arrow_back&#8221; icon_type=&#8221;normal&#8221;][vc_empty_space image_repeat=&#8221;no-repeat&#8221;][\/vc_column][\/vc_row][vc_row row_type=&#8221;row&#8221; use_row_as_full_screen_section=&#8221;no&#8221; type=&#8221;grid&#8221; oblique_section=&#8221;no&#8221; text_align=&#8221;left&#8221; background_color=&#8221;#ffffff&#8221; padding_top=&#8221;58&#8243; css_animation=&#8221;&#8221;][vc_column width=&#8221;1\/2&#8243;][vc_single_image image=&#8221;50946&#8243; img_size=&#8221;full&#8221; alignment=&#8221;center&#8221; qode_css_animation=&#8221;&#8221;][vc_empty_space image_repeat=&#8221;no-repeat&#8221;][\/vc_column][vc_column width=&#8221;1\/2&#8243;][vc_column_text]<\/p>\n<h1 style=\"text-align: left;\">Equipo<\/h1>\n<p>[\/vc_column_text][vc_separator type=&#8221;transparent&#8221; up=&#8221;0&#8243; down=&#8221;35&#8243; icon_pack=&#8221;font_awesome&#8221; fe_icon=&#8221;arrow_back&#8221; icon_type=&#8221;normal&#8221;][vc_column_text]<span style=\"font-weight: 400;\">Contamos con profesores que poseen conocimiento extensivo sobre certificaciones y did\u00e1ctica para que el alumno alcance su objetivo. <\/span>[\/vc_column_text][\/vc_column][\/vc_row][vc_row row_type=&#8221;row&#8221; use_row_as_full_screen_section=&#8221;no&#8221; type=&#8221;grid&#8221; oblique_section=&#8221;no&#8221; text_align=&#8221;left&#8221; background_color=&#8221;#ffffff&#8221; css_animation=&#8221;&#8221;][vc_column][vc_empty_space image_repeat=&#8221;no-repeat&#8221;][vc_separator type=&#8221;normal&#8221; color=&#8221;#e5e5e5&#8243; icon_pack=&#8221;font_awesome&#8221; fe_icon=&#8221;arrow_back&#8221; icon_type=&#8221;normal&#8221;][vc_empty_space image_repeat=&#8221;no-repeat&#8221;][\/vc_column][\/vc_row][vc_row row_type=&#8221;row&#8221; use_row_as_full_screen_section=&#8221;no&#8221; type=&#8221;grid&#8221; oblique_section=&#8221;no&#8221; text_align=&#8221;left&#8221; background_color=&#8221;#ffffff&#8221; padding_top=&#8221;58&#8243; css_animation=&#8221;&#8221;][vc_column width=&#8221;1\/2&#8243;][vc_single_image image=&#8221;50947&#8243; img_size=&#8221;full&#8221; alignment=&#8221;center&#8221; qode_css_animation=&#8221;&#8221;][vc_empty_space image_repeat=&#8221;no-repeat&#8221;][\/vc_column][vc_column width=&#8221;1\/2&#8243;][vc_column_text]<\/p>\n<h1 style=\"text-align: left;\">Especialidades<\/h1>\n<p>[\/vc_column_text][vc_separator type=&#8221;transparent&#8221; up=&#8221;0&#8243; down=&#8221;35&#8243; icon_pack=&#8221;font_awesome&#8221; fe_icon=&#8221;arrow_back&#8221; icon_type=&#8221;normal&#8221;][vc_column_text]<span style=\"font-weight: 400;\">Los cursos preparatorios de Hippo Business dan todo el soporte para ex\u00e1menes de certificaci\u00f3n como TOEFL, IELTS, CAE , FCE, TOEIC, CPE, DELE, DELF, DALF, TCF y TEF por medio de simulados y discusiones orientadas por temas y competencias. <\/span>[\/vc_column_text][\/vc_column][\/vc_row][vc_row row_type=&#8221;row&#8221; use_row_as_full_screen_section=&#8221;no&#8221; type=&#8221;grid&#8221; oblique_section=&#8221;no&#8221; text_align=&#8221;left&#8221; css_animation=&#8221;&#8221;][vc_column][vc_empty_space image_repeat=&#8221;no-repeat&#8221;][vc_empty_space image_repeat=&#8221;no-repeat&#8221;][vc_empty_space image_repeat=&#8221;no-repeat&#8221;][vc_separator type=&#8221;normal&#8221; color=&#8221;#e5e5e5&#8243; icon_pack=&#8221;font_awesome&#8221; fe_icon=&#8221;arrow_back&#8221; icon_type=&#8221;normal&#8221;][vc_empty_space image_repeat=&#8221;no-repeat&#8221;][vc_empty_space image_repeat=&#8221;no-repeat&#8221;][vc_column_text]<\/p>\n<h1 style=\"text-align: center;\">Vea tambi\u00e9m<\/h1>\n<p>[\/vc_column_text][vc_empty_space image_repeat=&#8221;no-repeat&#8221;][\/vc_column][\/vc_row][vc_row row_type=&#8221;row&#8221; use_row_as_full_screen_section=&#8221;no&#8221; type=&#8221;grid&#8221; oblique_section=&#8221;no&#8221; text_align=&#8221;left&#8221; padding_top=&#8221;70&#8243; padding_bottom=&#8221;35&#8243; css_animation=&#8221;&#8221;][vc_column][no_elements_holder number_of_columns=&#8221;two_columns&#8221;][no_elements_holder_item item_padding=&#8221;0px 0px 20px 0px&#8221; aligment=&#8221;center&#8221; animation_name=&#8221;fade_in&#8221; animation_delay=&#8221;200&#8243; advanced_animations=&#8221;no&#8221;][vc_single_image image=&#8221;50741&#8243; alignment=&#8221;center&#8221; onclick=&#8221;custom_link&#8221; qode_css_animation=&#8221;&#8221; link=&#8221;http:\/\/antigo.hippobusiness.com.br\/es\/servicos\/cursos\/cursos-de-idiomas\/&#8221;][vc_separator type=&#8221;transparent&#8221; up=&#8221;15&#8243; down=&#8221;0&#8243; icon_pack=&#8221;font_awesome&#8221; fe_icon=&#8221;arrow_back&#8221; icon_type=&#8221;normal&#8221;][vc_column_text]<\/p>\n<h3 style=\"text-align: center;\"><a href=\"http:\/\/antigo.hippobusiness.com.br\/es\/servicos\/cursos\/cursos-de-idiomas\/\">Cursos de idiomas<\/a><\/h3>\n<p>[\/vc_column_text][\/no_elements_holder_item][no_elements_holder_item item_padding=&#8221;0px 0px 20px 0px&#8221; aligment=&#8221;center&#8221; animation_name=&#8221;fade_in&#8221; animation_delay=&#8221;400&#8243; advanced_animations=&#8221;no&#8221;][vc_single_image image=&#8221;50738&#8243; alignment=&#8221;center&#8221; onclick=&#8221;custom_link&#8221; qode_css_animation=&#8221;&#8221; link=&#8221;http:\/\/antigo.hippobusiness.com.br\/es\/servicos\/cursos\/cursos-corporativos\/&#8221;][vc_separator type=&#8221;transparent&#8221; up=&#8221;15&#8243; down=&#8221;0&#8243; icon_pack=&#8221;font_awesome&#8221; fe_icon=&#8221;arrow_back&#8221; icon_type=&#8221;normal&#8221;][vc_column_text]<\/p>\n<h3 style=\"text-align: center;\"><a href=\"http:\/\/antigo.hippobusiness.com.br\/es\/servicos\/cursos\/cursos-corporativos\/\">Cursos Corporativos<\/a><\/h3>\n<p>[\/vc_column_text][\/no_elements_holder_item][\/no_elements_holder][\/vc_column][\/vc_row][vc_row row_type=&#8221;row&#8221; use_row_as_full_screen_section=&#8221;no&#8221; type=&#8221;grid&#8221; oblique_section=&#8221;no&#8221; text_align=&#8221;left&#8221; css_animation=&#8221;&#8221;][vc_column][vc_separator type=&#8221;normal&#8221; color=&#8221;#e5e5e5&#8243; icon_pack=&#8221;font_awesome&#8221; fe_icon=&#8221;arrow_back&#8221; icon_type=&#8221;normal&#8221;][\/vc_column][\/vc_row][vc_row row_type=&#8221;row&#8221; use_row_as_full_screen_section=&#8221;no&#8221; type=&#8221;grid&#8221; oblique_section=&#8221;no&#8221; text_align=&#8221;center&#8221; css_animation=&#8221;&#8221;][vc_column width=&#8221;1\/3&#8243;][\/vc_column][vc_column width=&#8221;1\/3&#8243;][vc_empty_space image_repeat=&#8221;no-repeat&#8221;][vc_empty_space image_repeat=&#8221;no-repeat&#8221;]<a href=\"http:\/\/antigo.hippobusiness.com.br\/es\/contato\" target=\"_self\" data-hover-background-color=#ffffff  class=\"qbutton  large qbutton_with_icon icon_left\" style=\"\"><i class=\"qode_icon_font_awesome fa fa-pencil-square-o button_icon\" style=\"width: inherit; \" ><\/i>Entre en contacto<\/a>[vc_empty_space image_repeat=&#8221;no-repeat&#8221;][vc_empty_space image_repeat=&#8221;no-repeat&#8221;][vc_empty_space image_repeat=&#8221;no-repeat&#8221;][\/vc_column][vc_column width=&#8221;1\/3&#8243;][\/vc_column][\/vc_row]<\/p>\n<\/div>","protected":false},"excerpt":{"rendered":"<p>[vc_row row_type=&#8221;row&#8221; use_row_as_full_screen_section=&#8221;yes&#8221; type=&#8221;full_width&#8221; oblique_section=&#8221;no&#8221; text_align=&#8221;center&#8221; background_image=&#8221;50944&#8243; side_padding=&#8221;15%&#8221; css_animation=&#8221;&#8221;][vc_column][vc_empty_space height=&#8221;120px&#8221; image_repeat=&#8221;no-repeat&#8221;][vc_column_text] Para especializarse [\/vc_column_text][vc_empty_space height=&#8221;120px&#8221; image_repeat=&#8221;no-repeat&#8221;][\/vc_column][\/vc_row][vc_row row_type=&#8221;row&#8221; use_row_as_full_screen_section=&#8221;no&#8221; type=&#8221;full_width&#8221; oblique_section=&#8221;no&#8221; text_align=&#8221;left&#8221; css_animation=&#8221;&#8221;][vc_column][vc_column_text] [\/vc_column_text][\/vc_column][\/vc_row][vc_row row_type=&#8221;row&#8221; use_row_as_full_screen_section=&#8221;no&#8221; type=&#8221;grid&#8221; oblique_section=&#8221;no&#8221; text_align=&#8221;center&#8221; background_color=&#8221;#ffffff&#8221; padding_top=&#8221;58&#8243; css_animation=&#8221;&#8221;][vc_column width=&#8221;1\/4&#8243;][\/vc_column][vc_column width=&#8221;1\/2&#8243;][vc_column_text] Cursos Preparatorios (Certificaciones Internacionales) [\/vc_column_text][vc_separator type=&#8221;transparent&#8221; up=&#8221;0&#8243; down=&#8221;35&#8243; icon_pack=&#8221;font_awesome&#8221; fe_icon=&#8221;arrow_back&#8221; icon_type=&#8221;normal&#8221;][vc_column_text] Cada&#8230;<\/p>\n","protected":false},"author":1,"featured_media":0,"parent":50735,"menu_order":0,"comment_status":"open","ping_status":"closed","template":"full_width.php","meta":{"footnotes":""},"class_list":["post-50767","page","type-page","status-publish","hentry"],"_links":{"self":[{"href":"http:\/\/antigo.hippobusiness.com.br\/es\/wp-json\/wp\/v2\/pages\/50767","targetHints":{"allow":["GET"]}}],"collection":[{"href":"http:\/\/antigo.hippobusiness.com.br\/es\/wp-json\/wp\/v2\/pages"}],"about":[{"href":"http:\/\/antigo.hippobusiness.com.br\/es\/wp-json\/wp\/v2\/types\/page"}],"author":[{"embeddable":true,"href":"http:\/\/antigo.hippobusiness.com.br\/es\/wp-json\/wp\/v2\/users\/1"}],"replies":[{"embeddable":true,"href":"http:\/\/antigo.hippobusiness.com.br\/es\/wp-json\/wp\/v2\/comments?post=50767"}],"version-history":[{"count":11,"href":"http:\/\/antigo.hippobusiness.com.br\/es\/wp-json\/wp\/v2\/pages\/50767\/revisions"}],"predecessor-version":[{"id":50965,"href":"http:\/\/antigo.hippobusiness.com.br\/es\/wp-json\/wp\/v2\/pages\/50767\/revisions\/50965"}],"up":[{"embeddable":true,"href":"http:\/\/antigo.hippobusiness.com.br\/es\/wp-json\/wp\/v2\/pages\/50735"}],"wp:attachment":[{"href":"http:\/\/antigo.hippobusiness.com.br\/es\/wp-json\/wp\/v2\/media?parent=50767"}],"curies":[{"name":"wp","href":"https:\/\/api.w.org\/{rel}","templated":true}]}}